{"id":63,"date":"2015-08-28T11:26:35","date_gmt":"2015-08-28T09:26:35","guid":{"rendered":"http:\/\/www.agenciamksports.com\/?page_id=63"},"modified":"2024-06-05T13:53:43","modified_gmt":"2024-06-05T11:53:43","slug":"nosotros","status":"publish","type":"page","link":"https:\/\/www.agenciamksports.com\/?page_id=63","title":{"rendered":"nosotros"},"content":{"rendered":"\n[et_pb_section fb_built=\u00bb1&#8243; background_color=\u00bbrgba(0,0,0,0)\u00bb fullwidth=\u00bbon\u00bb _builder_version=\u00bb3.0.106&#8243; custom_padding=\u00bb||0|\u00bb bottom_divider_style=\u00bbslant\u00bb bottom_divider_color=\u00bb#000000&#8243; bottom_divider_flip=\u00bbvertical\u00bb][et_pb_fullwidth_slider show_pagination=\u00bboff\u00bb show_image_video_mobile=\u00bbon\u00bb admin_label=\u00bbControl deslizante de anchura completa\u00bb module_class=\u00bbslider-home\u00bb _builder_version=\u00bb3.0.106&#8243; header_font=\u00bbLato|700|||||||\u00bb header_font_size=\u00bb52px\u00bb header_text_color=\u00bb#ffffff\u00bb body_font=\u00bbRoboto||||\u00bb background_size=\u00bbdefault\u00bb background_position=\u00bbdefault\u00bb custom_margin=\u00bb|||\u00bb custom_padding=\u00bb||900px|\u00bb custom_padding_tablet=\u00bb|||\u00bb custom_padding_phone=\u00bb|||\u00bb auto=\u00bbon\u00bb auto_speed=\u00bb9000&#8243; custom_css_main_element=\u00bbheight: 100vh;\u00bb bottom_padding=\u00bb20px\u00bb remove_inner_shadow=\u00bbon\u00bb hide_content_on_mobile=\u00bboff\u00bb hide_cta_on_mobile=\u00bboff\u00bb show_inner_shadow=\u00bboff\u00bb][et_pb_slide heading=\u00bbMEZCLAMOS ILUSI\u00d3N Y EXPERIENCIA\u00bb _builder_version=\u00bb3.0.106&#8243; header_text_align=\u00bbright\u00bb body_font=\u00bb||||||||\u00bb background_color=\u00bb#000000&#8243; background_image=\u00bbhttps:\/\/www.agenciamksports.com\/wp-content\/uploads\/slider_1_nosotros.jpg\u00bb background_size=\u00bbdefault\u00bb background_position=\u00bbtop_center\u00bb custom_button=\u00bboff\u00bb button_icon_placement=\u00bbright\u00bb button_on_hover=\u00bbon\u00bb]<h3 style=\"text-align: left;\">\u00bfQUI\u00c9NES SOMOS?<img loading=\"lazy\" decoding=\"async\" class=\"alignright wp-image-51\" src=\"https:\/\/www.agenciamksports.com\/wp-content\/uploads\/logo_footer.png\" alt=\"logo_footer\" width=\"217\" height=\"104\" \/><\/h3>\n<p>Contamos con m\u00e1s de diez a\u00f1os de experiencia a nuestra espalda, pero en nuestra agencia las <strong>ganas y el esp\u00edritu joven<\/strong> son dos de nuestras caracter\u00edsticas.<\/p>\n<p>Nadie nos gana en ilusi\u00f3n, volc\u00e1ndonos en cada proyecto que nos proponen.<\/p>[\/et_pb_slide][et_pb_slide heading=\u00bbHACIENDO EQUIPO TODO ES M\u00c1S F\u00c1CIL\u00bb _builder_version=\u00bb3.0.106&#8243; header_level=\u00bbh2&#8243; header_font=\u00bb|700||on|||||\u00bb header_text_align=\u00bbright\u00bb header_text_shadow_style=\u00bbpreset1&#8243; body_font=\u00bb||||||||\u00bb background_color=\u00bb#000000&#8243; background_image=\u00bbhttps:\/\/www.agenciamksports.com\/wp-content\/uploads\/slider_2_nosotros.jpg\u00bb background_size=\u00bbdefault\u00bb custom_button=\u00bboff\u00bb button_icon_placement=\u00bbright\u00bb button_on_hover=\u00bbon\u00bb]<h3 style=\"text-align: left;\">\u00bfQU\u00c9 PODEMOS HACER POR TU EMPRESA?<\/h3>\n<p>Seguramente, m\u00e1s de lo que te imaginas!<\/p>\n<p>Somos expertos en <strong>Wellness Corporativo, podemos organizar cualquier tipo de evento tanto nacional como internacional. <\/strong><\/p>\n<p>Desde torneos de f\u00fatbol o p\u00e1del, hasta una escapada con actividades para todos tus empleados<\/p>\n<p><strong>\u00bfQu\u00e9 necesita tu empresa?<\/strong><\/p>\n<p>&#8211;\u00a0<a href=\"..\/eventos-deportivos-para-empresas\/\">EVENTOS DEPORTIVOS<\/a><\/p>\n<p>&#8211; <a href=\"..\/wellness-corporativo\">WELLNESS CORPORATIVO<\/a><\/p>[\/et_pb_slide][et_pb_slide heading=\u00bbEL\u00cdGENOS Y ACIERTA DE PLENO\u00bb _builder_version=\u00bb3.0.106&#8243; header_text_align=\u00bbright\u00bb body_font=\u00bb||||||||\u00bb background_color=\u00bb#000000&#8243; background_image=\u00bbhttps:\/\/www.agenciamksports.com\/wp-content\/uploads\/slider_3_nosotros.jpg\u00bb background_size=\u00bbdefault\u00bb custom_button=\u00bboff\u00bb button_icon_placement=\u00bbright\u00bb button_on_hover=\u00bbon\u00bb]<h3 style=\"text-align: left;\">\u00bfPor qu\u00e9 Marketing &#038; Sports?<\/h3>\n<ol>\n<li style=\"text-align: left;\">Porque te escuchamos<\/li>\n<li style=\"text-align: left;\">Nos adaptamos a las necesidades de tu empresa<\/li>\n<li style=\"text-align: left;\">Te proponemos proyectos adaptados<\/li>\n<li style=\"text-align: left;\">Nos volcamos con tu idea d\u00e1ndole forma<\/li>\n<li style=\"text-align: left;\">Ver\u00e1s tus resultados en poco tiempo<\/li>\n<\/ol>[\/et_pb_slide][et_pb_slide heading=\u00bbSOMOS J\u00d3VENES, APROV\u00c9CHATE\u00bb _builder_version=\u00bb3.0.106&#8243; header_font=\u00bb|700|||||||\u00bb header_text_align=\u00bbright\u00bb body_font=\u00bb||||||||\u00bb background_color=\u00bb#000000&#8243; background_image=\u00bbhttps:\/\/www.agenciamksports.com\/wp-content\/uploads\/slider_4_nosotros.jpg\u00bb background_size=\u00bbdefault\u00bb custom_button=\u00bboff\u00bb button_icon_placement=\u00bbright\u00bb button_on_hover=\u00bbon\u00bb]<h3 style=\"text-align: left;\">PREG\u00daNTANOS TODO LO QUE QUIERAS<\/h3>\n<p>Tenemos muchas ganas de trabajar, de nuevos proyectos, de ilusionarnos con tu evento.<\/p>\n<p>Queremos que nos propongas nuevos retos, que nos pongas a prueba. Nos gusta la exigencia en todo lo que hacemos.<\/p>\n<p><a href=\"..\/contacto\/\">&#8211; CONTACTA CON NOSOTROS AQU\u00cd<\/a><\/p>[\/et_pb_slide][\/et_pb_fullwidth_slider][\/et_pb_section][et_pb_section fb_built=\u00bb1&#8243; background_color=\u00bbrgba(0,0,0,0)\u00bb _builder_version=\u00bb3.0.106&#8243;][et_pb_row make_fullwidth=\u00bbon\u00bb _builder_version=\u00bb3.0.106&#8243;][et_pb_column type=\u00bb4_4&#8243; _builder_version=\u00bb3.0.106&#8243; parallax=\u00bboff\u00bb parallax_method=\u00bbon\u00bb][et_pb_text _builder_version=\u00bb3.0.106&#8243; header_font=\u00bb||||||||\u00bb header_3_font=\u00bb||||||||\u00bb header_3_text_align=\u00bbcenter\u00bb header_3_text_color=\u00bb#ffffff\u00bb custom_margin=\u00bb||0px|\u00bb]<h3>Han confiado en nosotros&#8230;<\/h3>[\/et_pb_text][et_pb_image src=\u00bbhttps:\/\/www.agenciamksports.com\/wp-content\/uploads\/han-confiado-en-nosotros.png\u00bb align=\u00bbcenter\u00bb _builder_version=\u00bb3.0.106&#8243;][\/et_pb_image][\/et_pb_column][\/et_pb_row][\/et_pb_section]\n","protected":false},"excerpt":{"rendered":"<p>\u00bfQUI\u00c9NES SOMOS? Contamos con m\u00e1s de diez a\u00f1os de experiencia a nuestra espalda, pero en nuestra agencia las ganas y el esp\u00edritu joven son dos de nuestras caracter\u00edsticas. Nadie nos gana en ilusi\u00f3n, volc\u00e1ndonos en cada proyecto que nos proponen.\u00bfQU\u00c9 PODEMOS HACER POR TU EMPRESA? Seguramente, m\u00e1s de lo que te imaginas! Somos expertos en [&hellip;]<\/p>\n","protected":false},"author":1,"featured_media":0,"parent":0,"menu_order":0,"comment_status":"closed","ping_status":"closed","template":"","meta":{"_et_pb_use_builder":"on","_et_pb_old_content":"","_et_gb_content_width":"","footnotes":""},"class_list":["post-63","page","type-page","status-publish","hentry"],"_links":{"self":[{"href":"https:\/\/www.agenciamksports.com\/index.php?rest_route=\/wp\/v2\/pages\/63","targetHints":{"allow":["GET"]}}],"collection":[{"href":"https:\/\/www.agenciamksports.com\/index.php?rest_route=\/wp\/v2\/pages"}],"about":[{"href":"https:\/\/www.agenciamksports.com\/index.php?rest_route=\/wp\/v2\/types\/page"}],"author":[{"embeddable":true,"href":"https:\/\/www.agenciamksports.com\/index.php?rest_route=\/wp\/v2\/users\/1"}],"replies":[{"embeddable":true,"href":"https:\/\/www.agenciamksports.com\/index.php?rest_route=%2Fwp%2Fv2%2Fcomments&post=63"}],"version-history":[{"count":32,"href":"https:\/\/www.agenciamksports.com\/index.php?rest_route=\/wp\/v2\/pages\/63\/revisions"}],"predecessor-version":[{"id":431,"href":"https:\/\/www.agenciamksports.com\/index.php?rest_route=\/wp\/v2\/pages\/63\/revisions\/431"}],"wp:attachment":[{"href":"https:\/\/www.agenciamksports.com\/index.php?rest_route=%2Fwp%2Fv2%2Fmedia&parent=63"}],"curies":[{"name":"wp","href":"https:\/\/api.w.org\/{rel}","templated":true}]}}