{"id":58,"date":"2015-08-28T11:26:01","date_gmt":"2015-08-28T09:26:01","guid":{"rendered":"http:\/\/www.agenciamksports.com\/?page_id=58"},"modified":"2024-06-05T13:52:29","modified_gmt":"2024-06-05T11:52:29","slug":"eventos-deportivos-para-empresas-2","status":"publish","type":"page","link":"https:\/\/www.agenciamksports.com\/?page_id=58","title":{"rendered":"eventos deportivos"},"content":{"rendered":"<p>[et_pb_section fb_built=\u00bb1&#8243; _builder_version=\u00bb4.16&#8243; background_image=\u00bbhttps:\/\/www.agenciamksports.com\/wp-content\/uploads\/slider_4.jpg\u00bb parallax=\u00bbon\u00bb parallax_method=\u00bboff\u00bb custom_padding=\u00bb54px|0px|54px|0px\u00bb bottom_divider_style=\u00bbslant\u00bb bottom_divider_color=\u00bb#000000&#8243; bottom_divider_height=\u00bb175px\u00bb bottom_divider_flip=\u00bbvertical\u00bb global_colors_info=\u00bb{}\u00bb][et_pb_row _builder_version=\u00bb4.16&#8243; background_size=\u00bbinitial\u00bb background_position=\u00bbtop_left\u00bb background_repeat=\u00bbrepeat\u00bb custom_padding=\u00bb0|0px|0|0px\u00bb global_colors_info=\u00bb{}\u00bb][et_pb_column type=\u00bb4_4&#8243; _builder_version=\u00bb4.16&#8243; custom_padding=\u00bb|||\u00bb global_colors_info=\u00bb{}\u00bb custom_padding__hover=\u00bb|||\u00bb][et_pb_text _builder_version=\u00bb4.16&#8243; header_font=\u00bb||||||||\u00bb header_2_font=\u00bbLato|600||on|||||\u00bb header_2_text_align=\u00bbcenter\u00bb header_2_text_color=\u00bb#ffffff\u00bb header_2_font_size=\u00bb52px\u00bb background_layout=\u00bbdark\u00bb custom_margin=\u00bb50px|||\u00bb header_2_text_shadow_style=\u00bbpreset3&#8243; global_colors_info=\u00bb{}\u00bb]<\/p>\n<h2>\u00bfSer\u00e1 el de contabilidad el nuevo messi?<\/h2>\n<p>[\/et_pb_text][\/et_pb_column][\/et_pb_row][et_pb_row _builder_version=\u00bb4.16&#8243; custom_margin=\u00bb40px||150px|\u00bb custom_padding=\u00bb5px|0px|0|0px\u00bb global_colors_info=\u00bb{}\u00bb][et_pb_column type=\u00bb4_4&#8243; _builder_version=\u00bb4.16&#8243; custom_padding=\u00bb|||\u00bb global_colors_info=\u00bb{}\u00bb custom_padding__hover=\u00bb|||\u00bb][et_pb_text _builder_version=\u00bb4.16&#8243; text_font=\u00bb||||||||\u00bb background_color=\u00bbrgba(0,0,0,0.63)\u00bb text_orientation=\u00bbcenter\u00bb background_layout=\u00bbdark\u00bb max_width=\u00bb71%\u00bb module_alignment=\u00bbcenter\u00bb custom_padding=\u00bb20px|20px|20px|20px\u00bb global_colors_info=\u00bb{}\u00bb]Pues seguramente no, pero puede que el de contabilidad sea el jugador revelaci\u00f3n en \u201cLa Liga de las Empresas\u201d.<\/p>\n<p>S\u00ed,\u00a0 nosotros estamos detr\u00e1s de la mejor liga de f\u00fatbol 7 interempresas. Una competici\u00f3n a nivel nacional que no deja indiferente a nadie.<\/p>\n<p>M\u00e1s de 100 empresas han confiado en nosotros para organizar sus torneos.<\/p>\n<p>\u00bfQuieres ser el siguiente? Todos repiten\u2026<br \/>\n[\/et_pb_text][et_pb_button button_url=\u00bb\/contacto\u00bb button_text=\u00bbM\u00e1s informaci\u00f3n\u00bb button_alignment=\u00bbcenter\u00bb _builder_version=\u00bb4.16&#8243; custom_button=\u00bbon\u00bb button_text_size=\u00bb18px\u00bb button_text_color=\u00bb#ffffff\u00bb button_border_radius=\u00bb6px\u00bb button_font=\u00bbLato||||||||\u00bb button_use_icon=\u00bboff\u00bb background_layout=\u00bbdark\u00bb button_bg_color_hover=\u00bb#e02b20&#8243; global_colors_info=\u00bb{}\u00bb button_text_size__hover_enabled=\u00bboff\u00bb button_one_text_size__hover_enabled=\u00bboff\u00bb button_two_text_size__hover_enabled=\u00bboff\u00bb button_text_color__hover_enabled=\u00bboff\u00bb button_one_text_color__hover_enabled=\u00bboff\u00bb button_two_text_color__hover_enabled=\u00bboff\u00bb button_border_width__hover_enabled=\u00bboff\u00bb button_one_border_width__hover_enabled=\u00bboff\u00bb button_two_border_width__hover_enabled=\u00bboff\u00bb button_border_color__hover_enabled=\u00bboff\u00bb button_one_border_color__hover_enabled=\u00bboff\u00bb button_two_border_color__hover_enabled=\u00bboff\u00bb button_border_radius__hover_enabled=\u00bboff\u00bb button_one_border_radius__hover_enabled=\u00bboff\u00bb button_two_border_radius__hover_enabled=\u00bboff\u00bb button_letter_spacing__hover_enabled=\u00bboff\u00bb button_one_letter_spacing__hover_enabled=\u00bboff\u00bb button_two_letter_spacing__hover_enabled=\u00bboff\u00bb button_bg_color__hover_enabled=\u00bbon\u00bb button_bg_color__hover=\u00bb#e02b20&#8243; button_one_bg_color__hover_enabled=\u00bboff\u00bb button_two_bg_color__hover_enabled=\u00bboff\u00bb][\/et_pb_button][et_pb_divider color=\u00bb#ffffff\u00bb divider_style=\u00bbdashed\u00bb divider_weight=\u00bb1px\u00bb _builder_version=\u00bb4.16&#8243; max_width=\u00bb50%\u00bb module_alignment=\u00bbcenter\u00bb height=\u00bb30px\u00bb custom_margin=\u00bb60px|||\u00bb global_colors_info=\u00bb{}\u00bb][\/et_pb_divider][\/et_pb_column][\/et_pb_row][\/et_pb_section][et_pb_section fb_built=\u00bb1&#8243; _builder_version=\u00bb4.16&#8243; background_color=\u00bbrgba(0,0,0,0)\u00bb custom_padding=\u00bb30px|0px|37px|0px\u00bb global_colors_info=\u00bb{}\u00bb][et_pb_row _builder_version=\u00bb4.16&#8243; custom_padding=\u00bb0|0px|0|0px\u00bb global_colors_info=\u00bb{}\u00bb][et_pb_column type=\u00bb4_4&#8243; _builder_version=\u00bb4.16&#8243; custom_padding=\u00bb|||\u00bb global_colors_info=\u00bb{}\u00bb custom_padding__hover=\u00bb|||\u00bb][et_pb_text _builder_version=\u00bb4.16&#8243; header_font=\u00bbLato|300||on|||||\u00bb header_text_color=\u00bb#ffffff\u00bb header_font_size=\u00bb42px\u00bb border_color_all=\u00bb#9e232b\u00bb border_width_bottom=\u00bb10px\u00bb global_colors_info=\u00bb{}\u00bb]<\/p>\n<h1>Eventos deportivos para empresas<\/h1>\n<p>[\/et_pb_text][et_pb_text _builder_version=\u00bb4.16&#8243; text_font=\u00bb||||||||\u00bb header_font=\u00bbLato|300||on|||||\u00bb header_text_color=\u00bb#ffffff\u00bb header_font_size=\u00bb42px\u00bb background_layout=\u00bbdark\u00bb global_colors_info=\u00bb{}\u00bb]En <strong>Agencia MK Sports<\/strong> somos expertos en la organizaci\u00f3n de todo tipo de eventos deportivos.<br \/>\n[\/et_pb_text][\/et_pb_column][\/et_pb_row][et_pb_row column_structure=\u00bb1_2,1_2&#8243; _builder_version=\u00bb4.16&#8243; custom_padding=\u00bb70px|0px|20px|0px\u00bb global_colors_info=\u00bb{}\u00bb][et_pb_column type=\u00bb1_2&#8243; _builder_version=\u00bb4.16&#8243; custom_padding=\u00bb|||\u00bb global_colors_info=\u00bb{}\u00bb custom_padding__hover=\u00bb|||\u00bb][et_pb_divider show_divider=\u00bboff\u00bb disabled_on=\u00bbon|off|off\u00bb _builder_version=\u00bb4.16&#8243; max_width=\u00bb60%\u00bb module_alignment=\u00bbright\u00bb height=\u00bb42px\u00bb global_colors_info=\u00bb{}\u00bb][\/et_pb_divider][et_pb_text _builder_version=\u00bb4.16&#8243; header_font=\u00bb||||||||\u00bb header_3_font=\u00bb||||||||\u00bb header_3_text_align=\u00bbright\u00bb header_3_text_color=\u00bb#e02b20&#8243; header_3_font_size=\u00bb30px\u00bb custom_margin=\u00bb||6px|\u00bb border_color_bottom=\u00bb#ffffff\u00bb global_colors_info=\u00bb{}\u00bb]<\/p>\n<h3>COMPETICIONES INTERNAS<\/h3>\n<p>[\/et_pb_text][et_pb_divider color=\u00bb#ffffff\u00bb divider_weight=\u00bb6px\u00bb _builder_version=\u00bb4.16&#8243; max_width=\u00bb60%\u00bb module_alignment=\u00bbright\u00bb height=\u00bb10px\u00bb global_colors_info=\u00bb{}\u00bb][\/et_pb_divider][\/et_pb_column][et_pb_column type=\u00bb1_2&#8243; _builder_version=\u00bb4.16&#8243; custom_padding=\u00bb|||\u00bb global_colors_info=\u00bb{}\u00bb custom_padding__hover=\u00bb|||\u00bb][et_pb_text _builder_version=\u00bb4.16&#8243; text_font=\u00bb||||||||\u00bb background_layout=\u00bbdark\u00bb global_colors_info=\u00bb{}\u00bb]Disfruta de la privacidad de un evento exclusivo para tu empresa.<\/p>\n<p>Tenemos experiencia en la organizaci\u00f3n de todo tipo de competiviones y torneos internos.<\/p>\n<p>Simplemente elige el deporte o la actividad y en Agencia MK&amp;Sports nos encargamos de todo lo dem\u00e1s.<\/p>\n<p>Instituciones como el Ayuntamiento de Madrid, y grandes corporaciones ya han confiado en nosotros para organizar sus torneos deportivos para sus empleados. Bmw Group, L\u00b4Oreal, Pwc&#8230;<br \/>\n[\/et_pb_text][\/et_pb_column][\/et_pb_row][\/et_pb_section][et_pb_section fb_built=\u00bb1&#8243; custom_padding_last_edited=\u00bbon|desktop\u00bb _builder_version=\u00bb4.16&#8243; background_image=\u00bbhttps:\/\/www.agenciamksports.com\/wp-content\/uploads\/competicion-interna.jpg\u00bb custom_padding=\u00bb152px|0px|144px|0px\u00bb custom_padding_tablet=\u00bb50px|0|50px|0&#8243; custom_padding_phone=\u00bb\u00bb bottom_divider_color=\u00bb#000000&#8243; bottom_divider_height=\u00bb48px\u00bb bottom_divider_flip=\u00bbvertical\u00bb transparent_background=\u00bboff\u00bb global_colors_info=\u00bb{}\u00bb][\/et_pb_section][et_pb_section fb_built=\u00bb1&#8243; _builder_version=\u00bb4.16&#8243; background_color=\u00bbrgba(0,0,0,0)\u00bb custom_padding=\u00bb54px|0px|21px|0px\u00bb top_divider_color=\u00bb#000000&#8243; global_colors_info=\u00bb{}\u00bb][et_pb_row column_structure=\u00bb1_2,1_2&#8243; _builder_version=\u00bb4.16&#8243; global_colors_info=\u00bb{}\u00bb][et_pb_column type=\u00bb1_2&#8243; _builder_version=\u00bb4.16&#8243; custom_padding=\u00bb|||\u00bb global_colors_info=\u00bb{}\u00bb custom_padding__hover=\u00bb|||\u00bb][et_pb_divider show_divider=\u00bboff\u00bb disabled_on=\u00bbon|off|off\u00bb _builder_version=\u00bb4.16&#8243; max_width=\u00bb60%\u00bb module_alignment=\u00bbright\u00bb height=\u00bb42px\u00bb global_colors_info=\u00bb{}\u00bb][\/et_pb_divider][et_pb_text _builder_version=\u00bb4.16&#8243; header_font=\u00bb||||||||\u00bb header_3_font=\u00bb||||||||\u00bb header_3_text_align=\u00bbright\u00bb header_3_text_color=\u00bb#e02b20&#8243; header_3_font_size=\u00bb30px\u00bb custom_margin=\u00bb||6px|\u00bb border_color_bottom=\u00bb#ffffff\u00bb global_colors_info=\u00bb{}\u00bb]<\/p>\n<h3>TORNEOS INTEREMPRESAS<\/h3>\n<p>[\/et_pb_text][et_pb_divider color=\u00bb#ffffff\u00bb divider_weight=\u00bb6px\u00bb _builder_version=\u00bb4.16&#8243; max_width=\u00bb60%\u00bb module_alignment=\u00bbright\u00bb height=\u00bb10px\u00bb global_colors_info=\u00bb{}\u00bb][\/et_pb_divider][\/et_pb_column][et_pb_column type=\u00bb1_2&#8243; _builder_version=\u00bb4.16&#8243; custom_padding=\u00bb|||\u00bb global_colors_info=\u00bb{}\u00bb custom_padding__hover=\u00bb|||\u00bb][et_pb_text _builder_version=\u00bb4.16&#8243; text_font=\u00bb||||||||\u00bb background_layout=\u00bbdark\u00bb global_colors_info=\u00bb{}\u00bb]Un torneo de f\u00fatbol 7 basado en valores como la deportividad y la pr\u00e1ctica deportiva bajo unas prestaciones de m\u00e1xima calidad en instalaciones, equipaciones, \u00e1rbitros y gesti\u00f3n de la competici\u00f3n.<\/p>\n<p>M\u00e1s de 100 empresas ya participan en la liga\u00a0interempresas m\u00e1s prestigiosa .<br \/>\n[\/et_pb_text][et_pb_image src=\u00bbhttps:\/\/www.agenciamksports.com\/wp-content\/uploads\/la-liga-de-las-empresas.jpg\u00bb align=\u00bbcenter\u00bb align_tablet=\u00bbcenter\u00bb align_phone=\u00bbcenter\u00bb align_last_edited=\u00bbon|desktop\u00bb _builder_version=\u00bb4.16&#8243; global_colors_info=\u00bb{}\u00bb][\/et_pb_image][\/et_pb_column][\/et_pb_row][et_pb_row module_class=\u00bb et_pb_row_fullwidth\u00bb _builder_version=\u00bb4.16&#8243; width=\u00bb89%\u00bb width_tablet=\u00bb80%\u00bb width_phone=\u00bb80%\u00bb width_last_edited=\u00bbon|desktop\u00bb max_width=\u00bb89%\u00bb max_width_tablet=\u00bb80%\u00bb max_width_phone=\u00bb80%\u00bb max_width_last_edited=\u00bbon|desktop\u00bb make_fullwidth=\u00bbon\u00bb global_colors_info=\u00bb{}\u00bb][et_pb_column type=\u00bb4_4&#8243; _builder_version=\u00bb4.16&#8243; custom_padding=\u00bb|||\u00bb global_colors_info=\u00bb{}\u00bb custom_padding__hover=\u00bb|||\u00bb][et_pb_text _builder_version=\u00bb4.16&#8243; header_font=\u00bb||||||||\u00bb header_3_font=\u00bb||||||||\u00bb header_3_text_align=\u00bbcenter\u00bb header_3_text_color=\u00bb#ffffff\u00bb custom_margin=\u00bb||0px|\u00bb global_colors_info=\u00bb{}\u00bb]<\/p>\n<h3>Han confiado en nosotros&#8230;<\/h3>\n<p>[\/et_pb_text][et_pb_image src=\u00bbhttps:\/\/www.agenciamksports.com\/wp-content\/uploads\/han-confiado-en-nosotros.png\u00bb align=\u00bbcenter\u00bb align_tablet=\u00bbcenter\u00bb align_phone=\u00bbcenter\u00bb align_last_edited=\u00bbon|desktop\u00bb _builder_version=\u00bb4.16&#8243; global_colors_info=\u00bb{}\u00bb][\/et_pb_image][\/et_pb_column][\/et_pb_row][\/et_pb_section][et_pb_section fb_built=\u00bb1&#8243; custom_padding_last_edited=\u00bbon|desktop\u00bb _builder_version=\u00bb4.16&#8243; background_image=\u00bbhttps:\/\/www.agenciamksports.com\/wp-content\/uploads\/liga-empresas-ancho.jpg\u00bb custom_padding=\u00bb152px|0px|144px|0px\u00bb custom_padding_tablet=\u00bb50px|0|50px|0&#8243; custom_padding_phone=\u00bb\u00bb transparent_background=\u00bboff\u00bb global_colors_info=\u00bb{}\u00bb][\/et_pb_section][et_pb_section fb_built=\u00bb1&#8243; _builder_version=\u00bb4.16&#8243; background_color=\u00bbrgba(0,0,0,0)\u00bb custom_padding=\u00bb54px|0px|21px|0px\u00bb global_colors_info=\u00bb{}\u00bb][et_pb_row column_structure=\u00bb1_2,1_2&#8243; _builder_version=\u00bb4.16&#8243; global_colors_info=\u00bb{}\u00bb][et_pb_column type=\u00bb1_2&#8243; _builder_version=\u00bb4.16&#8243; custom_padding=\u00bb|||\u00bb global_colors_info=\u00bb{}\u00bb custom_padding__hover=\u00bb|||\u00bb][et_pb_divider show_divider=\u00bboff\u00bb disabled_on=\u00bbon|off|off\u00bb _builder_version=\u00bb4.16&#8243; max_width=\u00bb60%\u00bb module_alignment=\u00bbright\u00bb height=\u00bb42px\u00bb global_colors_info=\u00bb{}\u00bb][\/et_pb_divider][et_pb_text _builder_version=\u00bb4.16&#8243; header_font=\u00bb||||||||\u00bb header_3_font=\u00bb||||||||\u00bb header_3_text_align=\u00bbright\u00bb header_3_text_color=\u00bb#e02b20&#8243; header_3_font_size=\u00bb30px\u00bb header_3_line_height=\u00bb1.1em\u00bb custom_margin=\u00bb||6px|\u00bb border_color_bottom=\u00bb#ffffff\u00bb global_colors_info=\u00bb{}\u00bb]<\/p>\n<h3>EVENTOS DEPORTIVOS PERSONALIZADOS<\/h3>\n<p>[\/et_pb_text][et_pb_divider color=\u00bb#ffffff\u00bb divider_weight=\u00bb6px\u00bb _builder_version=\u00bb4.16&#8243; max_width=\u00bb60%\u00bb module_alignment=\u00bbright\u00bb height=\u00bb10px\u00bb global_colors_info=\u00bb{}\u00bb][\/et_pb_divider][\/et_pb_column][et_pb_column type=\u00bb1_2&#8243; _builder_version=\u00bb4.16&#8243; custom_padding=\u00bb|||\u00bb global_colors_info=\u00bb{}\u00bb custom_padding__hover=\u00bb|||\u00bb][et_pb_text _builder_version=\u00bb4.16&#8243; text_font=\u00bb||||||||\u00bb background_layout=\u00bbdark\u00bb global_colors_info=\u00bb{}\u00bb]Elige el deporte o combina varios con todos los alicientes de un torneo de primer nivel.<\/p>\n<p>Nos encargamos de todo para que t\u00fa y tu equipo disfrut\u00e9is al m\u00e1ximo de la competici\u00f3n. C<span style=\"font-size: 18px;\">atering, desplazamientos,<\/span><\/p>\n<p>\u00bfTienes tu evento ideal en la cabeza?\u00a0 Cu\u00e9ntanoslo y le damos forma juntos.<br \/>\n[\/et_pb_text][\/et_pb_column][\/et_pb_row][\/et_pb_section][et_pb_section fb_built=\u00bb1&#8243; custom_padding_last_edited=\u00bbon|desktop\u00bb _builder_version=\u00bb4.16&#8243; background_image=\u00bbhttps:\/\/www.agenciamksports.com\/wp-content\/uploads\/EVENTOS-PERSONALIZADOS.jpg\u00bb custom_margin=\u00bb|||\u00bb custom_padding=\u00bb152px|0px|154px|0px\u00bb custom_padding_tablet=\u00bb50px|0|50px|0&#8243; custom_padding_phone=\u00bb\u00bb transparent_background=\u00bboff\u00bb global_colors_info=\u00bb{}\u00bb][\/et_pb_section][et_pb_section fb_built=\u00bb1&#8243; _builder_version=\u00bb4.16&#8243; background_color=\u00bbrgba(0,0,0,0)\u00bb global_colors_info=\u00bb{}\u00bb][et_pb_row _builder_version=\u00bb4.16&#8243; global_colors_info=\u00bb{}\u00bb][et_pb_column type=\u00bb4_4&#8243; _builder_version=\u00bb4.16&#8243; custom_padding=\u00bb|||\u00bb global_colors_info=\u00bb{}\u00bb custom_padding__hover=\u00bb|||\u00bb][et_pb_cta title=\u00bb\u00bfQuieres que organicemos tu evento?\u00bb button_url=\u00bb\/contacto\u00bb button_text=\u00bbContacta con nosotros\u00bb _builder_version=\u00bb4.16&#8243; header_level=\u00bbh3&#8243; header_font=\u00bb|300||on|||||\u00bb header_font_size=\u00bb26px\u00bb use_background_color=\u00bboff\u00bb custom_button=\u00bbon\u00bb button_text_size=\u00bb18px\u00bb button_text_color=\u00bb#ffffff\u00bb button_bg_color=\u00bb#9e232b\u00bb button_font=\u00bb||||||||\u00bb button_use_icon=\u00bboff\u00bb button_bg_color_hover=\u00bb#e02b20&#8243; global_colors_info=\u00bb{}\u00bb button_text_size__hover_enabled=\u00bboff\u00bb button_one_text_size__hover_enabled=\u00bboff\u00bb button_two_text_size__hover_enabled=\u00bboff\u00bb button_text_color__hover_enabled=\u00bboff\u00bb button_one_text_color__hover_enabled=\u00bboff\u00bb button_two_text_color__hover_enabled=\u00bboff\u00bb button_border_width__hover_enabled=\u00bboff\u00bb button_one_border_width__hover_enabled=\u00bboff\u00bb button_two_border_width__hover_enabled=\u00bboff\u00bb button_border_color__hover_enabled=\u00bboff\u00bb button_one_border_color__hover_enabled=\u00bboff\u00bb button_two_border_color__hover_enabled=\u00bboff\u00bb button_border_radius__hover_enabled=\u00bboff\u00bb button_one_border_radius__hover_enabled=\u00bboff\u00bb button_two_border_radius__hover_enabled=\u00bboff\u00bb button_letter_spacing__hover_enabled=\u00bboff\u00bb button_one_letter_spacing__hover_enabled=\u00bboff\u00bb button_two_letter_spacing__hover_enabled=\u00bboff\u00bb button_bg_color__hover_enabled=\u00bbon\u00bb button_bg_color__hover=\u00bb#e02b20&#8243; button_one_bg_color__hover_enabled=\u00bboff\u00bb button_two_bg_color__hover_enabled=\u00bboff\u00bb][\/et_pb_cta][\/et_pb_column][\/et_pb_row][\/et_pb_section]<\/p>\n","protected":false},"excerpt":{"rendered":"<p>\u00bfSer\u00e1 el de contabilidad el nuevo messi? Pues seguramente no, pero puede que el de contabilidad sea el jugador revelaci\u00f3n en \u201cLa Liga de las Empresas\u201d. S\u00ed,\u00a0 nosotros estamos detr\u00e1s de la mejor liga de f\u00fatbol 7 interempresas. Una competici\u00f3n a nivel nacional que no deja indiferente a nadie. M\u00e1s de 100 empresas han confiado [&hellip;]<\/p>\n","protected":false},"author":1,"featured_media":0,"parent":0,"menu_order":0,"comment_status":"closed","ping_status":"closed","template":"","meta":{"_et_pb_use_builder":"on","_et_pb_old_content":"","_et_gb_content_width":"","footnotes":""},"class_list":["post-58","page","type-page","status-publish","hentry"],"_links":{"self":[{"href":"https:\/\/www.agenciamksports.com\/index.php?rest_route=\/wp\/v2\/pages\/58","targetHints":{"allow":["GET"]}}],"collection":[{"href":"https:\/\/www.agenciamksports.com\/index.php?rest_route=\/wp\/v2\/pages"}],"about":[{"href":"https:\/\/www.agenciamksports.com\/index.php?rest_route=\/wp\/v2\/types\/page"}],"author":[{"embeddable":true,"href":"https:\/\/www.agenciamksports.com\/index.php?rest_route=\/wp\/v2\/users\/1"}],"replies":[{"embeddable":true,"href":"https:\/\/www.agenciamksports.com\/index.php?rest_route=%2Fwp%2Fv2%2Fcomments&post=58"}],"version-history":[{"count":52,"href":"https:\/\/www.agenciamksports.com\/index.php?rest_route=\/wp\/v2\/pages\/58\/revisions"}],"predecessor-version":[{"id":425,"href":"https:\/\/www.agenciamksports.com\/index.php?rest_route=\/wp\/v2\/pages\/58\/revisions\/425"}],"wp:attachment":[{"href":"https:\/\/www.agenciamksports.com\/index.php?rest_route=%2Fwp%2Fv2%2Fmedia&parent=58"}],"curies":[{"name":"wp","href":"https:\/\/api.w.org\/{rel}","templated":true}]}}