{"id":387,"date":"2022-02-02T18:38:19","date_gmt":"2022-02-02T17:38:19","guid":{"rendered":"http:\/\/www.agenciamksports.com\/?page_id=387"},"modified":"2024-06-05T13:54:24","modified_gmt":"2024-06-05T11:54:24","slug":"politica-de-cookies","status":"publish","type":"page","link":"https:\/\/www.agenciamksports.com\/?page_id=387","title":{"rendered":"Pol\u00edtica de Cookies"},"content":{"rendered":"\n[et_pb_section bb_built=\u00bb1&#8243; _builder_version=\u00bb3.0.47&#8243;][et_pb_row _builder_version=\u00bb3.0.47&#8243; background_size=\u00bbinitial\u00bb background_position=\u00bbtop_left\u00bb background_repeat=\u00bbrepeat\u00bb][et_pb_column type=\u00bb4_4&#8243;][et_pb_text _builder_version=\u00bb3.0.106&#8243; background_size=\u00bbinitial\u00bb background_position=\u00bbtop_left\u00bb background_repeat=\u00bbrepeat\u00bb use_border_color=\u00bboff\u00bb background_layout=\u00bblight\u00bb]\r\n<h2>POL\u00cdTICA DE COOKIES<\/h2>\r\n<span dir=\"ltr\" role=\"presentation\">El sitio Web utiliza un analizador de tr\u00e1fico que emplea peque\u00f1os archivos de informaci\u00f3n<\/span><br role=\"presentation\" \/><span dir=\"ltr\" role=\"presentation\">denominados y conocidos como \u201ccookies\u201d que el servidor env\u00eda al ordenador de quien accede a la<\/span><br role=\"presentation\" \/><span dir=\"ltr\" role=\"presentation\">p\u00e1gina web para el correcto funcionamiento y visualizaci\u00f3n de los sitios web por parte del usuario,<\/span><br role=\"presentation\" \/><span dir=\"ltr\" role=\"presentation\">as\u00ed como la recogida de datos estad\u00edsticos sobre el uso y navegaci\u00f3n por nuestro sitio web.<\/span><br role=\"presentation\" \/><span dir=\"ltr\" role=\"presentation\">Podemos recabar informaci\u00f3n sobre su ordenador, incluido en su caso, su direcci\u00f3n de IP, sistema<\/span><br role=\"presentation\" \/><span dir=\"ltr\" role=\"presentation\">operativo y tipo de navegador. Las cookies contienen informaci\u00f3n que se transfiere al disco duro de<\/span><br role=\"presentation\" \/><span dir=\"ltr\" role=\"presentation\">su ordenador.<\/span>\r\n\r\n<span dir=\"ltr\" role=\"presentation\">Las cookies tambi\u00e9n nos ayudan a mejorar nuestro sitio Web y a prestar un servicio mejor y<\/span><br role=\"presentation\" \/><span dir=\"ltr\" role=\"presentation\">m\u00e1s personalizado. En concreto, nos permiten:<\/span>\r\n\r\n<span dir=\"ltr\" role=\"presentation\">Hacer una estimaci\u00f3n sobre n\u00fameros y patrones de uso.<\/span><br role=\"presentation\" \/><span dir=\"ltr\" role=\"presentation\">Almacenar informaci\u00f3n acerca de sus preferencias y personalizar nuestro sitio web de<\/span><br role=\"presentation\" \/><span dir=\"ltr\" role=\"presentation\">conformidad con sus intereses individuales.<\/span><br role=\"presentation\" \/><span dir=\"ltr\" role=\"presentation\">Acelerar sus b\u00fasquedas.<\/span><br role=\"presentation\" \/><span dir=\"ltr\" role=\"presentation\">Reconocerle cuando regrese de nuevo a nuestro sitio.<\/span>\r\n\r\n<span dir=\"ltr\" role=\"presentation\">ACEPTACI\u00d3N Y\/O RECHAZO DE LA POL\u00cdTICA DE COOKIES<\/span><br role=\"presentation\" \/><span dir=\"ltr\" role=\"presentation\">Este sitio web muestra informaci\u00f3n sobre su Pol\u00edtica de Cookies en la parte inferior o superior del<\/span><br role=\"presentation\" \/><span dir=\"ltr\" role=\"presentation\">portal en cada inicio de sesi\u00f3n con el objeto de que usted sea consciente e informado de ello. Puede<\/span><br role=\"presentation\" \/><span dir=\"ltr\" role=\"presentation\">usted aceptar la instalaci\u00f3n de las cookies en su navegador web mediante una acci\u00f3n afirmativa y<\/span><br role=\"presentation\" \/><span dir=\"ltr\" role=\"presentation\">positiva.<\/span><br role=\"presentation\" \/><span dir=\"ltr\" role=\"presentation\">Tambi\u00e9n puede usted rechazar el uso de cookies mediante la selecci\u00f3n de negarse a la instalaci\u00f3n y<\/span><br role=\"presentation\" \/><span dir=\"ltr\" role=\"presentation\">su uso en su navegador. Sin embargo, debe saber que si lo hace puede ser que no pueda usar la<\/span><br role=\"presentation\" \/><span dir=\"ltr\" role=\"presentation\">plena funcionalidad de este sitio Web.<\/span><br role=\"presentation\" \/><span dir=\"ltr\" role=\"presentation\">Este sitio web realiza tratamiento de informaci\u00f3n acerca de usted por Google. A estos efectos, se<\/span><br role=\"presentation\" \/><span dir=\"ltr\" role=\"presentation\">informa que Google Inc. tiene la consideraci\u00f3n de \u201cpuerto seguro\u201d en cuanto a la normativa de<\/span><br role=\"presentation\" \/><span dir=\"ltr\" role=\"presentation\">protecci\u00f3n de datos personales.<\/span><br role=\"presentation\" \/><span dir=\"ltr\" role=\"presentation\">El Usuario debe dar su previo consentimiento, salvo indicaci\u00f3n en contrario, al uso de \u201ccookies\u201d y<\/span><br role=\"presentation\" \/><span dir=\"ltr\" role=\"presentation\">autoriza tambi\u00e9n los seguimientos de su IP durante la navegaci\u00f3n en el sitio Web. A menos que<\/span><br role=\"presentation\" \/><span dir=\"ltr\" role=\"presentation\">haya ajustado la configuraci\u00f3n de su navegador web de forma que rechace cookies, nuestro sistema<\/span><br role=\"presentation\" \/><span dir=\"ltr\" role=\"presentation\">producir\u00e1 cookies cuando se conecte a nuestro sitio. Siguiendo las directrices europeas de la<\/span><br role=\"presentation\" \/><span dir=\"ltr\" role=\"presentation\">normativa de protecci\u00f3n de datos que puedan verse afectados por el uso de cookies, los distintos<\/span><br role=\"presentation\" \/><span dir=\"ltr\" role=\"presentation\">navegadores de Internet cuentan con herramientas de configuraci\u00f3n para que el Usuario, si lo desea,<\/span><br role=\"presentation\" \/><span dir=\"ltr\" role=\"presentation\">pueda desactivar y\/o eliminar estas cookies o bien activar en su navegador el modo de navegaci\u00f3n<\/span><br role=\"presentation\" \/><span dir=\"ltr\" role=\"presentation\">privada. Puede usted permitir, bloquear o eliminar las cookies instaladas en su equipo mediante la<\/span><br role=\"presentation\" \/><span dir=\"ltr\" role=\"presentation\">configuraci\u00f3n de las opciones del navegador instalado en su ordenador: Chrome:<\/span><br role=\"presentation\" \/><span dir=\"ltr\" role=\"presentation\">https:\/\/support.google.com\/chrome\/answer\/95647?hl=es<\/span><br role=\"presentation\" \/><span dir=\"ltr\" role=\"presentation\">Explorer: http:\/\/windows.microsoft.com\/es-es\/windows7\/how-to-manage-cookies-in-<\/span><br role=\"presentation\" \/><span dir=\"ltr\" role=\"presentation\">internetexplorer-9<\/span><br role=\"presentation\" \/><span dir=\"ltr\" role=\"presentation\">Firefox: https:\/\/support.mozilla.org\/es\/kb\/habilitar-y-deshabilitar-cookies-que-los-sitios-web<\/span><br role=\"presentation\" \/><span dir=\"ltr\" role=\"presentation\">Safari: https:\/\/support.apple.com\/kb\/ph5042?locale=es_ES<\/span><br role=\"presentation\" \/><span dir=\"ltr\" role=\"presentation\">Hacer una estimaci\u00f3n sobre n\u00fameros y patrones de uso.<\/span><br role=\"presentation\" \/><span dir=\"ltr\" role=\"presentation\">Almacenar informaci\u00f3n acerca de sus preferencias y personalizar nuestro sitio web de<\/span><br role=\"presentation\" \/><span dir=\"ltr\" role=\"presentation\">conformidad con sus intereses individuales.<\/span><br role=\"presentation\" \/><span dir=\"ltr\" role=\"presentation\">Acelerar sus b\u00fasquedas.<\/span><br role=\"presentation\" \/><span dir=\"ltr\" role=\"presentation\">Reconocerle cuando regrese de nuevo a nuestro sitio.<\/span><br role=\"presentation\" \/><span dir=\"ltr\" role=\"presentation\">Generar un identificador de usuario \u00fanico, que es el que se utiliza para hacer recuento de<\/span><br role=\"presentation\" \/><span dir=\"ltr\" role=\"presentation\">cu\u00e1ntas veces visita el sitio un usuario, as\u00ed como la fecha de la primera y la \u00faltima vez que<\/span><br role=\"presentation\" \/><span dir=\"ltr\" role=\"presentation\">visit\u00f3 la web.<\/span><br role=\"presentation\" \/><span dir=\"ltr\" role=\"presentation\">Registrar la fecha y hora de acceso a cualquiera de las p\u00e1ginas del Sitio.<\/span><br role=\"presentation\" \/><span dir=\"ltr\" role=\"presentation\">Comprobar la necesidad de mantener la sesi\u00f3n de un usuario abierta o crear una nueva.<\/span><br role=\"presentation\" \/><span dir=\"ltr\" role=\"presentation\">Identificar la sesi\u00f3n del usuario, para recoger la ubicaci\u00f3n geogr\u00e1fica aproximada del<\/span><br role=\"presentation\" \/><span dir=\"ltr\" role=\"presentation\">ordenadorque accede al Sitio con efectos estad\u00edsticos.<\/span>\r\n\r\n<br role=\"presentation\" \/><span dir=\"ltr\" role=\"presentation\">\u00bfQU\u00c9 COOKIES UTILIZAMOS Y PARA QU\u00c9?<\/span><br role=\"presentation\" \/><span dir=\"ltr\" role=\"presentation\">A continuaci\u00f3n, se presenta una explicaci\u00f3n m\u00e1s detallada de cada tipo de cookie, temporalidad,<\/span><br role=\"presentation\" \/><span dir=\"ltr\" role=\"presentation\">titularidad, finalidad y dominios:<\/span><br role=\"presentation\" \/><span dir=\"ltr\" role=\"presentation\">Google Analytics es un servicio anal\u00edtico de web prestado por Google, Inc., una compa\u00f1\u00eda de<\/span><br role=\"presentation\" \/><span dir=\"ltr\" role=\"presentation\">Delaware cuya oficina principal est\u00e1 en 1600 Amphitheatre Parkway, Mountain View (California),<\/span><br role=\"presentation\" \/><span dir=\"ltr\" role=\"presentation\">CA94043, Estados Unidos (\u201cGoogle\u201d): Google Analytics usa las siguientes cookies: _ga, _gat, _gid, y<\/span><br role=\"presentation\" \/><span dir=\"ltr\" role=\"presentation\">otras posibles cookies a cargar por el servicio de monitorizaci\u00f3n de visitas de Google.<\/span><br role=\"presentation\" \/><span dir=\"ltr\" role=\"presentation\">Sirven para:<\/span><br role=\"presentation\" \/><span dir=\"ltr\" role=\"presentation\">Pueden ser tanto temporales como persistentes.<\/span>\r\n\r\n&nbsp;\r\n\r\n[\/et_pb_text][\/et_pb_column][\/et_pb_row][\/et_pb_section]\n","protected":false},"excerpt":{"rendered":"<p>POL\u00cdTICA DE COOKIES El sitio Web utiliza un analizador de tr\u00e1fico que emplea peque\u00f1os archivos de informaci\u00f3ndenominados y conocidos como \u201ccookies\u201d que el servidor env\u00eda al ordenador de quien accede a lap\u00e1gina web para el correcto funcionamiento y visualizaci\u00f3n de los sitios web por parte del usuario,as\u00ed como la recogida de datos estad\u00edsticos sobre el [&hellip;]<\/p>\n","protected":false},"author":1,"featured_media":0,"parent":0,"menu_order":0,"comment_status":"closed","ping_status":"closed","template":"","meta":{"_et_pb_use_builder":"on","_et_pb_old_content":"","_et_gb_content_width":"","footnotes":""},"class_list":["post-387","page","type-page","status-publish","hentry"],"_links":{"self":[{"href":"https:\/\/www.agenciamksports.com\/index.php?rest_route=\/wp\/v2\/pages\/387","targetHints":{"allow":["GET"]}}],"collection":[{"href":"https:\/\/www.agenciamksports.com\/index.php?rest_route=\/wp\/v2\/pages"}],"about":[{"href":"https:\/\/www.agenciamksports.com\/index.php?rest_route=\/wp\/v2\/types\/page"}],"author":[{"embeddable":true,"href":"https:\/\/www.agenciamksports.com\/index.php?rest_route=\/wp\/v2\/users\/1"}],"replies":[{"embeddable":true,"href":"https:\/\/www.agenciamksports.com\/index.php?rest_route=%2Fwp%2Fv2%2Fcomments&post=387"}],"version-history":[{"count":4,"href":"https:\/\/www.agenciamksports.com\/index.php?rest_route=\/wp\/v2\/pages\/387\/revisions"}],"predecessor-version":[{"id":435,"href":"https:\/\/www.agenciamksports.com\/index.php?rest_route=\/wp\/v2\/pages\/387\/revisions\/435"}],"wp:attachment":[{"href":"https:\/\/www.agenciamksports.com\/index.php?rest_route=%2Fwp%2Fv2%2Fmedia&parent=387"}],"curies":[{"name":"wp","href":"https:\/\/api.w.org\/{rel}","templated":true}]}}