{"id":311,"date":"2018-04-04T16:44:54","date_gmt":"2018-04-04T14:44:54","guid":{"rendered":"http:\/\/www.agenciamksports.com\/?page_id=311"},"modified":"2024-06-05T13:54:44","modified_gmt":"2024-06-05T11:54:44","slug":"wellness-corporativo","status":"publish","type":"page","link":"https:\/\/www.agenciamksports.com\/?page_id=311","title":{"rendered":"Wellness Corporativo"},"content":{"rendered":"\n[et_pb_section bb_built=\u00bb1&#8243; _builder_version=\u00bb3.0.106&#8243; background_image=\u00bbhttps:\/\/www.agenciamksports.com\/wp-content\/uploads\/wellness-corporativo.jpg\u00bb parallax=\u00bbon\u00bb parallax_method=\u00bboff\u00bb custom_padding=\u00bb54px|0px|54px|0px\u00bb bottom_divider_style=\u00bbslant\u00bb bottom_divider_color=\u00bb#000000&#8243; bottom_divider_height=\u00bb175px\u00bb bottom_divider_flip=\u00bbvertical\u00bb next_background_color=\u00bbrgba(0,0,0,0)\u00bb][et_pb_row custom_padding=\u00bb0|0px|0|0px\u00bb _builder_version=\u00bb3.0.47&#8243; background_size=\u00bbinitial\u00bb background_position=\u00bbtop_left\u00bb background_repeat=\u00bbrepeat\u00bb][et_pb_column type=\u00bb4_4&#8243;][et_pb_text background_layout=\u00bbdark\u00bb _builder_version=\u00bb3.0.106&#8243; header_font=\u00bb||||||||\u00bb header_2_font=\u00bbLato|600||on|||||\u00bb header_2_text_align=\u00bbcenter\u00bb header_2_font_size=\u00bb52px\u00bb header_2_text_color=\u00bb#ffffff\u00bb header_2_text_shadow_style=\u00bbpreset3&#8243; custom_margin=\u00bb50px|||\u00bb]\r\n<h2>Mejora la eficiencia de tu equipo<\/h2>\r\n[\/et_pb_text][\/et_pb_column][\/et_pb_row][et_pb_row custom_padding=\u00bb5px|0px|0|0px\u00bb custom_margin=\u00bb40px||150px|\u00bb _builder_version=\u00bb3.0.106&#8243;][et_pb_column type=\u00bb4_4&#8243;][et_pb_text background_layout=\u00bbdark\u00bb _builder_version=\u00bb3.0.106&#8243; text_font=\u00bb||||||||\u00bb background_color=\u00bbrgba(0,0,0,0.63)\u00bb text_orientation=\u00bbcenter\u00bb max_width=\u00bb71%\u00bb module_alignment=\u00bbcenter\u00bb custom_padding=\u00bb20px|20px|20px|20px\u00bb]\r\n\r\nUn equipo de trabajo unido y estable emocionalmente es invencible.\r\n\r\nEn <strong>Agencia MK&amp;Sports <\/strong>trabajamos para ofrecerte la m\u00e1s amplia gama de servicios relacionados con en bienestar corporativo.\r\n\r\nTanto si tienes muy claro qu\u00e9 necesitas como si quieres que te asesoremos, est\u00e1s en el lugar correcto.\r\n\r\n[\/et_pb_text][et_pb_button button_url=\u00bb\/contacto\u00bb button_text=\u00bbM\u00e1s informaci\u00f3n\u00bb button_alignment=\u00bbcenter\u00bb background_layout=\u00bbdark\u00bb _builder_version=\u00bb3.0.106&#8243; custom_button=\u00bbon\u00bb button_text_size=\u00bb18px\u00bb button_text_color=\u00bb#ffffff\u00bb button_border_radius=\u00bb6px\u00bb button_font=\u00bbLato||||||||\u00bb button_use_icon=\u00bboff\u00bb button_bg_color_hover=\u00bb#e02b20&#8243; \/][et_pb_divider show_divider=\u00bbon\u00bb divider_style=\u00bbdashed\u00bb divider_weight=\u00bb1px\u00bb height=\u00bb30px\u00bb _builder_version=\u00bb3.0.106&#8243; max_width=\u00bb50%\u00bb module_alignment=\u00bbcenter\u00bb custom_margin=\u00bb60px|||\u00bb \/][\/et_pb_column][\/et_pb_row][\/et_pb_section][et_pb_section bb_built=\u00bb1&#8243; background_color=\u00bbrgba(0,0,0,0)\u00bb _builder_version=\u00bb3.0.106&#8243; custom_padding=\u00bb30px|0px|37px|0px\u00bb prev_background_color=\u00bb#ffffff\u00bb next_background_color=\u00bb#ffffff\u00bb][et_pb_row custom_padding=\u00bb0|0px|0|0px\u00bb _builder_version=\u00bb3.0.106&#8243;][et_pb_column type=\u00bb4_4&#8243;][et_pb_text _builder_version=\u00bb3.0.106&#8243; header_font=\u00bbLato|300||on|||||\u00bb header_font_size=\u00bb42px\u00bb header_text_color=\u00bb#ffffff\u00bb border_color_all=\u00bb#9e232b\u00bb border_width_bottom=\u00bb10px\u00bb]\r\n<h1>SERVICIOS DE WELLNESS CORPORATIVO<\/h1>\r\n[\/et_pb_text][et_pb_text background_layout=\u00bbdark\u00bb _builder_version=\u00bb3.0.106&#8243; text_font=\u00bb||||||||\u00bb header_font=\u00bbLato|300||on|||||\u00bb header_font_size=\u00bb42px\u00bb header_text_color=\u00bb#ffffff\u00bb]\r\n\r\nTeam building, actividad f\u00edsica preventiva y actividades para los peque\u00f1os de la casa. Tu bienestar y el de los tuyos nos interesa.\r\n\r\n[\/et_pb_text][\/et_pb_column][\/et_pb_row][et_pb_row custom_padding=\u00bb70px|0px|20px|0px\u00bb _builder_version=\u00bb3.0.106&#8243;][et_pb_column type=\u00bb1_2&#8243;][et_pb_divider height=\u00bb42px\u00bb disabled_on=\u00bbon|off|off\u00bb _builder_version=\u00bb3.0.106&#8243; max_width=\u00bb60%\u00bb module_alignment=\u00bbright\u00bb \/][et_pb_text _builder_version=\u00bb3.0.106&#8243; header_font=\u00bb||||||||\u00bb header_3_font=\u00bb||||||||\u00bb header_3_text_align=\u00bbright\u00bb header_3_font_size=\u00bb30px\u00bb header_3_text_color=\u00bb#e02b20&#8243; border_color_bottom=\u00bb#ffffff\u00bb custom_margin=\u00bb||6px|\u00bb]\r\n<h3>TEAM BUILDING<\/h3>\r\n[\/et_pb_text][et_pb_divider show_divider=\u00bbon\u00bb divider_weight=\u00bb6px\u00bb height=\u00bb10px\u00bb _builder_version=\u00bb3.0.106&#8243; max_width=\u00bb60%\u00bb module_alignment=\u00bbright\u00bb \/][\/et_pb_column][et_pb_column type=\u00bb1_2&#8243;][et_pb_text background_layout=\u00bbdark\u00bb _builder_version=\u00bb3.0.106&#8243; text_font=\u00bb||||||||\u00bb]\r\n\r\n\u00bfQu\u00e9 te parece si te planteamos un reto junto a tus compa\u00f1erxs?. \u00bfSer\u00edais capaces de superarlo?&#8230;\r\n\r\nConstruye tu equipo a trav\u00e9s de la confianza y mejora la relaci\u00f3n profesional y personal entre todos los miembros de la empresa.\r\n<p style=\"padding-left: 30px;\"><\/p>\r\n[\/et_pb_text][\/et_pb_column][\/et_pb_row][et_pb_row custom_padding=\u00bb40px|0px|20px|0px\u00bb _builder_version=\u00bb3.0.106&#8243;][et_pb_column type=\u00bb1_2&#8243;][et_pb_text background_layout=\u00bbdark\u00bb _builder_version=\u00bb3.0.106&#8243; text_font=\u00bb||||||||\u00bb text_orientation=\u00bbcenter\u00bb]\r\n\r\n<strong>ACTIVIDADES OUTDOOR<\/strong>\r\n\r\nOrganizamos escapadas y actividades al aire libre orientadas a mejorar el funcionamiento en grupo de tu empresa.\r\n<p style=\"padding-left: 30px;\"><\/p>\r\n[\/et_pb_text][\/et_pb_column][et_pb_column type=\u00bb1_2&#8243;][et_pb_text background_layout=\u00bbdark\u00bb _builder_version=\u00bb3.0.106&#8243; text_font=\u00bb||||||||\u00bb text_orientation=\u00bbcenter\u00bb]\r\n\r\n<strong>ACTIVIDADES INDOOR<\/strong>\r\n\r\n\u00bfPrefieres no desplazarte?, nosotros nos acercamos a ti.\u00a0<span style=\"font-size: 18px;\">Clases de ingl\u00e9s para empresas, coaching, nutrici\u00f3n&#8230;<\/span>\r\n<p style=\"padding-left: 30px;\"><\/p>\r\n[\/et_pb_text][\/et_pb_column][\/et_pb_row][\/et_pb_section][et_pb_section bb_built=\u00bb1&#8243; custom_padding_last_edited=\u00bbon|desktop\u00bb _builder_version=\u00bb3.0.106&#8243; background_image=\u00bbhttps:\/\/www.agenciamksports.com\/wp-content\/uploads\/teambuilding.jpg\u00bb custom_padding=\u00bb152px|0px|144px|0px\u00bb custom_padding_tablet=\u00bb50px|0|50px|0&#8243; bottom_divider_color=\u00bb#000000&#8243; bottom_divider_height=\u00bb48px\u00bb bottom_divider_flip=\u00bbvertical\u00bb transparent_background=\u00bboff\u00bb prev_background_color=\u00bbrgba(0,0,0,0)\u00bb next_background_color=\u00bbrgba(0,0,0,0)\u00bb][\/et_pb_section][et_pb_section bb_built=\u00bb1&#8243; background_color=\u00bbrgba(0,0,0,0)\u00bb _builder_version=\u00bb3.0.106&#8243; custom_padding=\u00bb54px|0px|21px|0px\u00bb top_divider_color=\u00bb#000000&#8243; prev_background_color=\u00bb#ffffff\u00bb next_background_color=\u00bb#ffffff\u00bb][et_pb_row _builder_version=\u00bb3.0.106&#8243;][et_pb_column type=\u00bb1_2&#8243;][et_pb_divider height=\u00bb42px\u00bb disabled_on=\u00bbon|off|off\u00bb _builder_version=\u00bb3.0.106&#8243; max_width=\u00bb60%\u00bb module_alignment=\u00bbright\u00bb \/][et_pb_text _builder_version=\u00bb3.0.106&#8243; header_font=\u00bb||||||||\u00bb header_3_font=\u00bb||||||||\u00bb header_3_text_align=\u00bbright\u00bb header_3_font_size=\u00bb30px\u00bb header_3_text_color=\u00bb#e02b20&#8243; border_color_bottom=\u00bb#ffffff\u00bb custom_margin=\u00bb||6px|\u00bb]\r\n<h3>ACTIVIDAD F\u00cdSICA PREVENTIVA<\/h3>\r\n[\/et_pb_text][et_pb_divider show_divider=\u00bbon\u00bb divider_weight=\u00bb6px\u00bb height=\u00bb10px\u00bb _builder_version=\u00bb3.0.106&#8243; max_width=\u00bb60%\u00bb module_alignment=\u00bbright\u00bb \/][\/et_pb_column][et_pb_column type=\u00bb1_2&#8243;][et_pb_text background_layout=\u00bbdark\u00bb _builder_version=\u00bb3.0.106&#8243; text_font=\u00bb||||||||\u00bb]\r\n\r\nCompleta tu d\u00eda con una sesi\u00f3n de ejercicio para continuar con m\u00e1s fuerza en el trabajo.\r\n\r\n<strong>Yoga, Tonificaci\u00f3n, Fisioterapia, T\u00e9cnica hipopres\u00edva&#8230;<\/strong>\r\n\r\nNo pienses en salir corriendo para ir al gym, nosotros nos desplazamos all\u00ed.\r\n\r\n[\/et_pb_text][\/et_pb_column][\/et_pb_row][\/et_pb_section][et_pb_section bb_built=\u00bb1&#8243; custom_padding_last_edited=\u00bbon|desktop\u00bb _builder_version=\u00bb3.0.106&#8243; background_image=\u00bbhttps:\/\/www.agenciamksports.com\/wp-content\/uploads\/actividad-f\u00edsica-preventiva.jpg\u00bb custom_padding=\u00bb152px|0px|144px|0px\u00bb custom_padding_tablet=\u00bb50px|0|50px|0&#8243; transparent_background=\u00bboff\u00bb prev_background_color=\u00bbrgba(0,0,0,0)\u00bb next_background_color=\u00bbrgba(0,0,0,0)\u00bb][\/et_pb_section][et_pb_section bb_built=\u00bb1&#8243; background_color=\u00bbrgba(0,0,0,0)\u00bb _builder_version=\u00bb3.0.106&#8243; custom_padding=\u00bb54px|0px|21px|0px\u00bb prev_background_color=\u00bb#ffffff\u00bb next_background_color=\u00bb#ffffff\u00bb][et_pb_row _builder_version=\u00bb3.0.106&#8243;][et_pb_column type=\u00bb1_2&#8243;][et_pb_divider height=\u00bb42px\u00bb disabled_on=\u00bbon|off|off\u00bb _builder_version=\u00bb3.0.106&#8243; max_width=\u00bb60%\u00bb module_alignment=\u00bbright\u00bb \/][et_pb_text _builder_version=\u00bb3.0.106&#8243; header_font=\u00bb||||||||\u00bb header_3_font=\u00bb||||||||\u00bb header_3_text_align=\u00bbright\u00bb header_3_font_size=\u00bb30px\u00bb header_3_text_color=\u00bb#e02b20&#8243; header_3_line_height=\u00bb1.1em\u00bb border_color_bottom=\u00bb#ffffff\u00bb custom_margin=\u00bb||6px|\u00bb]\r\n<h3>PARA LXS M\u00c1S PEQUE\u00d1XS<\/h3>\r\n[\/et_pb_text][et_pb_divider show_divider=\u00bbon\u00bb divider_weight=\u00bb6px\u00bb height=\u00bb10px\u00bb _builder_version=\u00bb3.0.106&#8243; max_width=\u00bb60%\u00bb module_alignment=\u00bbright\u00bb \/][\/et_pb_column][et_pb_column type=\u00bb1_2&#8243;][et_pb_text background_layout=\u00bbdark\u00bb _builder_version=\u00bb3.0.106&#8243; text_font=\u00bb||||||||\u00bb]\r\n\r\nEn <strong>Agencia MK&amp;Sports <\/strong>tenemos un acuerdo de colaboraci\u00f3n con la<strong> Fundaci\u00f3n Real Madrid y Fundaci\u00f3n Atl\u00e9tico de Madrid.<\/strong>\r\n\r\nLlevamos muchos a\u00f1os gestionando los campamentos y campus oficiales de ambos clubs.\r\n\r\nLos veranos de tus hijxs nunca volver\u00e1n a ser los mismos.\r\n\r\n[\/et_pb_text][\/et_pb_column][\/et_pb_row][\/et_pb_section][et_pb_section bb_built=\u00bb1&#8243; custom_padding_last_edited=\u00bbon|desktop\u00bb _builder_version=\u00bb3.0.106&#8243; background_image=\u00bbhttps:\/\/www.agenciamksports.com\/wp-content\/uploads\/campus-verano.jpg\u00bb custom_margin=\u00bb|||\u00bb custom_padding=\u00bb152px|0px|154px|0px\u00bb custom_padding_tablet=\u00bb50px|0|50px|0&#8243; transparent_background=\u00bboff\u00bb prev_background_color=\u00bbrgba(0,0,0,0)\u00bb next_background_color=\u00bbrgba(0,0,0,0)\u00bb][\/et_pb_section][et_pb_section bb_built=\u00bb1&#8243; background_color=\u00bbrgba(0,0,0,0)\u00bb _builder_version=\u00bb3.0.106&#8243; prev_background_color=\u00bb#ffffff\u00bb][et_pb_row _builder_version=\u00bb3.0.106&#8243;][et_pb_column type=\u00bb4_4&#8243;][et_pb_cta title=\u00bb\u00bfQuieres m\u00e1s informaci\u00f3n sobre nuestros servicios wellness?\u00bb button_url=\u00bb\/contacto\u00bb button_text=\u00bbContacta con nosotros\u00bb use_background_color=\u00bboff\u00bb _builder_version=\u00bb3.0.106&#8243; header_level=\u00bbh3&#8243; header_font=\u00bb|300||on|||||\u00bb header_font_size=\u00bb26px\u00bb custom_button=\u00bbon\u00bb button_text_size=\u00bb18px\u00bb button_text_color=\u00bb#ffffff\u00bb button_bg_color=\u00bb#9e232b\u00bb button_font=\u00bb||||||||\u00bb button_use_icon=\u00bboff\u00bb button_bg_color_hover=\u00bb#e02b20&#8243; \/][\/et_pb_column][\/et_pb_row][\/et_pb_section]\n","protected":false},"excerpt":{"rendered":"<p>Mejora la eficiencia de tu equipo Un equipo de trabajo unido y estable emocionalmente es invencible. En Agencia MK&amp;Sports trabajamos para ofrecerte la m\u00e1s amplia gama de servicios relacionados con en bienestar corporativo. Tanto si tienes muy claro qu\u00e9 necesitas como si quieres que te asesoremos, est\u00e1s en el lugar correcto. SERVICIOS DE WELLNESS CORPORATIVO [&hellip;]<\/p>\n","protected":false},"author":1,"featured_media":0,"parent":0,"menu_order":0,"comment_status":"closed","ping_status":"closed","template":"","meta":{"_et_pb_use_builder":"on","_et_pb_old_content":"","_et_gb_content_width":"","footnotes":""},"class_list":["post-311","page","type-page","status-publish","hentry"],"_links":{"self":[{"href":"https:\/\/www.agenciamksports.com\/index.php?rest_route=\/wp\/v2\/pages\/311","targetHints":{"allow":["GET"]}}],"collection":[{"href":"https:\/\/www.agenciamksports.com\/index.php?rest_route=\/wp\/v2\/pages"}],"about":[{"href":"https:\/\/www.agenciamksports.com\/index.php?rest_route=\/wp\/v2\/types\/page"}],"author":[{"embeddable":true,"href":"https:\/\/www.agenciamksports.com\/index.php?rest_route=\/wp\/v2\/users\/1"}],"replies":[{"embeddable":true,"href":"https:\/\/www.agenciamksports.com\/index.php?rest_route=%2Fwp%2Fv2%2Fcomments&post=311"}],"version-history":[{"count":11,"href":"https:\/\/www.agenciamksports.com\/index.php?rest_route=\/wp\/v2\/pages\/311\/revisions"}],"predecessor-version":[{"id":439,"href":"https:\/\/www.agenciamksports.com\/index.php?rest_route=\/wp\/v2\/pages\/311\/revisions\/439"}],"wp:attachment":[{"href":"https:\/\/www.agenciamksports.com\/index.php?rest_route=%2Fwp%2Fv2%2Fmedia&parent=311"}],"curies":[{"name":"wp","href":"https:\/\/api.w.org\/{rel}","templated":true}]}}